{"id":290866,"date":"2017-07-06T14:39:10","date_gmt":"2017-07-06T12:39:10","guid":{"rendered":"https:\/\/amorph.pro\/impressum\/"},"modified":"2024-06-18T10:34:12","modified_gmt":"2024-06-18T08:34:12","slug":"impressum","status":"publish","type":"page","link":"https:\/\/amorph.pro\/de\/impressum\/","title":{"rendered":"IMPRESSUM"},"content":{"rendered":"<style>.kb-row-layout-id122068_fe9ba7-0c > .kt-row-column-wrap{align-content:start;}:where(.kb-row-layout-id122068_fe9ba7-0c > .kt-row-column-wrap) > .wp-block-kadence-column{justify-content:start;}.kb-row-layout-id122068_fe9ba7-0c > .kt-row-column-wrap{column-gap:var(--global-kb-gap-md, 2rem);row-gap:var(--global-kb-gap-md, 2rem);padding-top:50px;padding-bottom:5px;grid-template-columns:minmax(0, 1fr);}.kb-row-layout-id122068_fe9ba7-0c > .kt-row-layout-overlay{opacity:0.30;}@media all and (max-width: 1024px){.kb-row-layout-id122068_fe9ba7-0c > .kt-row-column-wrap{grid-template-columns:minmax(0, 1fr);}}@media all and (max-width: 767px){.kb-row-layout-id122068_fe9ba7-0c > .kt-row-column-wrap{grid-template-columns:minmax(0, 1fr);}}<\/style><div class=\"kb-row-layout-wrap kb-row-layout-id122068_fe9ba7-0c alignnone wp-block-kadence-rowlayout\"><div class=\"kt-row-column-wrap kt-has-1-columns kt-row-layout-equal kt-tab-layout-inherit kt-mobile-layout-row kt-row-valign-top\">\n<style>.kadence-column122068_1de575-d1 > .kt-inside-inner-col,.kadence-column122068_1de575-d1 > .kt-inside-inner-col:before{border-top-left-radius:0px;border-top-right-radius:0px;border-bottom-right-radius:0px;border-bottom-left-radius:0px;}.kadence-column122068_1de575-d1 > .kt-inside-inner-col{column-gap:var(--global-kb-gap-sm, 1rem);}.kadence-column122068_1de575-d1 > .kt-inside-inner-col{flex-direction:column;}.kadence-column122068_1de575-d1 > .kt-inside-inner-col > .aligncenter{width:100%;}.kadence-column122068_1de575-d1 > .kt-inside-inner-col:before{opacity:0.3;}.kadence-column122068_1de575-d1{position:relative;}@media all and (max-width: 1024px){.kadence-column122068_1de575-d1 > .kt-inside-inner-col{flex-direction:column;justify-content:center;}}@media all and (max-width: 767px){.kadence-column122068_1de575-d1 > .kt-inside-inner-col{flex-direction:column;justify-content:center;}}<\/style>\n<div class=\"wp-block-kadence-column kadence-column122068_1de575-d1 inner-column-1\"><div class=\"kt-inside-inner-col\"><style>.wp-block-kadence-advancedheading.kt-adv-heading122068_f13796-9d, .wp-block-kadence-advancedheading.kt-adv-heading122068_f13796-9d[data-kb-block=\"kb-adv-heading122068_f13796-9d\"]{font-size:33px;font-style:normal;}.wp-block-kadence-advancedheading.kt-adv-heading122068_f13796-9d mark.kt-highlight, .wp-block-kadence-advancedheading.kt-adv-heading122068_f13796-9d[data-kb-block=\"kb-adv-heading122068_f13796-9d\"] mark.kt-highlight{font-style:normal;color:#f76a0c;-webkit-box-decoration-break:clone;box-decoration-break:clone;padding-top:0px;padding-right:0px;padding-bottom:0px;padding-left:0px;}.wp-block-kadence-advancedheading.kt-adv-heading122068_f13796-9d img.kb-inline-image, .wp-block-kadence-advancedheading.kt-adv-heading122068_f13796-9d[data-kb-block=\"kb-adv-heading122068_f13796-9d\"] img.kb-inline-image{width:150px;vertical-align:baseline;}<\/style>\n<h2 class=\"kt-adv-heading122068_f13796-9d wp-block-kadence-advancedheading\" data-kb-block=\"kb-adv-heading122068_f13796-9d\">IMPRESSUM<\/h2>\n<\/div><\/div>\n\n<\/div><\/div>\n<h2 class=\"wp-block-heading\">Amorph Systems GmbH<\/h2>\n\n<p>Handwerkstra\u00dfe 29<br\/>D-70565 Stuttgart, Deutschland<\/p>\n\n<p>Alle Rechte vorbehalten.<\/p>\n\n<p>Die Urheberrechte an dieser Website liegen vollst\u00e4ndig bei der Amorph Systems GmbH. Die Bilder d\u00fcrfen nur f\u00fcr redaktionelle Zwecke verwendet werden. Die Verwendung ist unter Angabe der Quelle und der Zusendung von zwei kostenlosen Belegexemplaren an die Amorph Systems GmbH in Stuttgart kostenlos. Grafische Ver\u00e4nderungen am Foto &#8211; mit Ausnahme der Hervorhebung des Hauptmotivs &#8211; sind nicht gestattet.<\/p>\n\n<p>Das Kopieren, Drucken und Verteilen dieser Webseiten sowie der angeh\u00e4ngten Dokumente ist &#8211; unter Beachtung der nachfolgenden Einschr\u00e4nkungen &#8211; ausdr\u00fccklich erlaubt.<\/p>\n\n<p>Die hier zur Verf\u00fcgung gestellten Webseiten und Dokumente d\u00fcrfen nur zu Informationszwecken verwendet werden. Diese Webseiten und Dokumente d\u00fcrfen nicht zu kommerziellen Zwecken verwendet werden. Jedes Exemplar (dies gilt auch f\u00fcr Ausz\u00fcge) muss diesen Urheberrechtsnachweis enthalten.<\/p>\n\n<h3 class=\"wp-block-heading\">Haftungshinweis<\/h3>\n\n<p>Trotz sorgf\u00e4ltiger inhaltlicher Kontrolle \u00fcbernehmen wir keine Haftung f\u00fcr die Inhalte externer Links. F\u00fcr den Inhalt der verlinkten Seiten sind ausschlie\u00dflich deren Betreiber verantwortlich. Die Amorph Systems GmbH ist bem\u00fcht, ihre Werbeangebote stets aktuell, inhaltlich richtig und vollst\u00e4ndig anzubieten. Dennoch kann das Auftreten von Fehlern nicht v\u00f6llig ausgeschlossen werden. Die Amorph Systems GmbH \u00fcbernimmt keine Haftung f\u00fcr die Aktualit\u00e4t, die inhaltliche Richtigkeit sowie f\u00fcr die Vollst\u00e4ndigkeit der in ihrem Webangebot eingestellten Informationen, es sei denn die Fehler wurden vors\u00e4tzlich oder grob fahrl\u00e4ssig aufgenommen. Dies bezieht sich auf eventuelle Nachteile materieller oder ideeller Art Dritter, die durch die Nutzung dieses Werbeangebots entstehen.<\/p>\n\n<h3 class=\"wp-block-heading\">Handelsnamen<\/h3>\n\n<p>Viele Gebrauchs- oder Handelsnamen sowie Hardware- und Softwarebezeichnungen, auf die auf der Amorph Systems-Webseite Bezug genommen wird, sind zugleich eingetragene Warenzeichen oder sollten als solche betrachtet werden. Die Informationen auf dieser Webseite werden ohne R\u00fccksicht auf einen eventuellen Patentschutz ver\u00f6ffentlicht. Die Produktnamen werden ohne Gew\u00e4hrleistung der freien Verwendbarkeit verwendet. Alle Rechte vorbehalten.<\/p>\n\n<h3 class=\"wp-block-heading\">Amorph Systems GmbH<\/h3>\n\n<p>Handwerkstra\u00dfe 29<br\/>D-70565 Stuttgart, Deutschland<br\/>Stuttgart | HRB 747156<br\/>Amtsgericht Stuttgart<br\/>UstID: DE292621634<\/p>\n\n<h4 class=\"wp-block-heading\">Gesch\u00e4ftsf\u00fchrer \/ CEO<\/h4>\n\n<p>Dr.-Ing. Frank Frauenhoffer (CEO)<br\/>Telefon: +49 711 672 9122<br\/>E-mail: info(at)amorphsys.com<\/p>\n\n<div style=\"height:75px\" aria-hidden=\"true\" class=\"wp-block-spacer\"><\/div>\n","protected":false},"excerpt":{"rendered":"<p>IMPRESSUM Amorph Systems GmbH Handwerkstra\u00dfe 29D-70565 Stuttgart, Deutschland Alle Rechte vorbehalten. Die Urheberrechte an dieser Website liegen vollst\u00e4ndig bei der Amorph Systems GmbH. Die Bilder d\u00fcrfen nur f\u00fcr redaktionelle Zwecke verwendet werden. Die Verwendung ist unter Angabe der Quelle und der Zusendung von zwei kostenlosen Belegexemplaren an die Amorph Systems GmbH in Stuttgart kostenlos. Grafische&#8230;<\/p>\n","protected":false},"author":24,"featured_media":0,"parent":0,"menu_order":0,"comment_status":"closed","ping_status":"closed","template":"","meta":{"_seopress_robots_primary_cat":"","_seopress_titles_title":"AMORPH.pro - Impressum","_seopress_titles_desc":"Amorph Systems GmbH\nHandwerkstra\u00dfe 29\nD-70565 Stuttgart, Deutschland\nAlle Rechte vorbehalten. info@amorph.pro","_seopress_robots_index":"yes","bwfblock_default_font":"","inline_featured_image":false,"_kad_blocks_custom_css":"","_kad_blocks_head_custom_js":"","_kad_blocks_body_custom_js":"","_kad_blocks_footer_custom_js":"","_kadence_starter_templates_imported_post":false,"_kad_post_transparent":"","_kad_post_title":"hide","_kad_post_layout":"","_kad_post_sidebar_id":"","_kad_post_content_style":"","_kad_post_vertical_padding":"hide","_kad_post_feature":"","_kad_post_feature_position":"","_kad_post_header":false,"_kad_post_footer":false,"_kad_post_classname":"","footnotes":""},"class_list":["post-290866","page","type-page","status-publish","hentry"],"taxonomy_info":[],"featured_image_src_large":false,"author_info":{"display_name":"Alexandra Ciorascu","author_link":"https:\/\/amorph.pro\/de\/author\/a_ciorascu_pro\/"},"comment_info":0,"_links":{"self":[{"href":"https:\/\/amorph.pro\/de\/wp-json\/wp\/v2\/pages\/290866","targetHints":{"allow":["GET"]}}],"collection":[{"href":"https:\/\/amorph.pro\/de\/wp-json\/wp\/v2\/pages"}],"about":[{"href":"https:\/\/amorph.pro\/de\/wp-json\/wp\/v2\/types\/page"}],"author":[{"embeddable":true,"href":"https:\/\/amorph.pro\/de\/wp-json\/wp\/v2\/users\/24"}],"replies":[{"embeddable":true,"href":"https:\/\/amorph.pro\/de\/wp-json\/wp\/v2\/comments?post=290866"}],"version-history":[{"count":10,"href":"https:\/\/amorph.pro\/de\/wp-json\/wp\/v2\/pages\/290866\/revisions"}],"predecessor-version":[{"id":295691,"href":"https:\/\/amorph.pro\/de\/wp-json\/wp\/v2\/pages\/290866\/revisions\/295691"}],"wp:attachment":[{"href":"https:\/\/amorph.pro\/de\/wp-json\/wp\/v2\/media?parent=290866"}],"curies":[{"name":"wp","href":"https:\/\/api.w.org\/{rel}","templated":true}]}}